{"id":2033,"date":"2020-04-21T08:46:18","date_gmt":"2020-04-21T08:46:18","guid":{"rendered":"http:\/\/socfer.es\/waterpolozamora\/?page_id=2033"},"modified":"2021-10-25T16:54:40","modified_gmt":"2021-10-25T15:54:40","slug":"terminos-y-condiciones-de-venta","status":"publish","type":"page","link":"https:\/\/socfer.es\/waterpolozamora\/terminos-y-condiciones-de-venta\/","title":{"rendered":"T\u00e9rminos y condiciones de venta"},"content":{"rendered":"\t\t<div data-elementor-type=\"wp-page\" data-elementor-id=\"2033\" class=\"elementor elementor-2033\">\n\t\t\t\t\t\t<section class=\"elementor-section elementor-top-section elementor-element elementor-element-51735dfa elementor-section-boxed elementor-section-height-default elementor-section-height-default\" data-id=\"51735dfa\" data-element_type=\"section\">\n\t\t\t\t\t\t<div class=\"elementor-container elementor-column-gap-default\">\n\t\t\t\t\t<div class=\"elementor-column elementor-col-100 elementor-top-column elementor-element elementor-element-18a85602\" data-id=\"18a85602\" data-element_type=\"column\">\n\t\t\t<div class=\"elementor-widget-wrap elementor-element-populated\">\n\t\t\t\t\t\t<div class=\"elementor-element elementor-element-454608ba elementor-widget elementor-widget-text-editor\" data-id=\"454608ba\" data-element_type=\"widget\" data-widget_type=\"text-editor.default\">\n\t\t\t\t<div class=\"elementor-widget-container\">\n\t\t\t\t\t\t\t<p style=\"box-sizing: inherit; font-size: 15px; font-style: normal; font-weight: 400; color: #3a3a3a;\"><span style=\"box-sizing: inherit; font-size: 15px; font-weight: bold;\">IDENTIFICACI\u00d3N<\/span>:<\/p><p style=\"box-sizing: inherit; font-size: 15px; font-style: normal; font-weight: 400; color: #3a3a3a;\"><span style=\"box-sizing: inherit; font-size: 15px; font-weight: bold;\">SOCFER, S.L<\/span>. con CIF n\u00ba\u00a0<span style=\"box-sizing: inherit; font-size: 15px; font-weight: bold;\">B37546496<\/span> y sede en Joaqu\u00edn Rodrigo, 49 (37008) <span style=\"box-sizing: inherit; font-size: 15px; font-weight: bold;\">Salamanca\u00a0<\/span>(Espa\u00f1a) es una empresa espa\u00f1ola dedicada a la distribuci\u00f3n y venta de ropa deportiva y a la gesti\u00f3n de clubes deportivos. SOCFER, S.L. vende los productos de su tienda online exclusivamente en Espa\u00f1a.<\/p><p style=\"box-sizing: inherit; font-size: 15px; font-style: normal; font-weight: 400; color: #3a3a3a;\">Todos los productos que se venden a trav\u00e9s de esta web est\u00e1n sujetos a las condiciones establecidas en esta p\u00e1gina. Para poder comprar en la tienda es necesario ser mayor de edad. Se pueden consultar los aspectos normativos, legales y de privacidad y protecci\u00f3n de informaci\u00f3n de car\u00e1cter personal en las p\u00e1ginas siguientes:\u00a0<a style=\"box-sizing: inherit; font-size: 15px; color: #434343;\" href=\"https:\/\/socfer.es\/aviso-legal\/\">Aviso Legal<\/a>,\u00a0<a style=\"box-sizing: inherit; font-size: 15px; color: #434343;\" href=\"https:\/\/socfer.es\/politica-privacidad\/\">Pol\u00edtica de Privacidad<\/a>,\u00a0<a style=\"box-sizing: inherit; font-size: 15px; color: #434343;\" href=\"https:\/\/socfer.es\/politica-de-cookies\/\">Pol\u00edtica de Cookies<\/a>.<\/p><p style=\"box-sizing: inherit; font-size: 15px; font-style: normal; font-weight: 400; color: #3a3a3a;\"><span style=\"box-sizing: inherit; font-size: 15px; font-weight: bold;\">PRECIOS<\/span>:<\/p><p style=\"box-sizing: inherit; font-size: 15px; font-style: normal; font-weight: 400; color: #3a3a3a;\">Los precios de venta figuran consignados en cada producto y pueden ser revisados y modificados cuando las condiciones lo requieran. Como regla general se aplicar\u00e1 el tipo impositivo del 21% para el territorio de la Uni\u00f3n Europea donde es aplicable este impuesto.<\/p><p style=\"box-sizing: inherit; font-size: 15px; font-style: normal; font-weight: 400; color: #3a3a3a;\"><span style=\"box-sizing: inherit; font-size: 15px; font-weight: bold;\">FORMAS DE PAGO<\/span>:<\/p><p style=\"box-sizing: inherit; font-size: 15px; font-style: normal; font-weight: 400; color: #3a3a3a;\">Todas las compras se pueden pagar mediante las siguientes formas de pago:<\/p><p style=\"box-sizing: inherit; font-size: 15px; font-style: normal; font-weight: 400; color: #3a3a3a;\"><span style=\"box-sizing: inherit; font-size: 15px; font-weight: bold;\">\u2022 Ingreso\/Transferencia.<\/span><\/p><p style=\"box-sizing: inherit; font-size: 15px; font-style: normal; font-weight: 400; color: #3a3a3a;\">Nuestros datos para realizar el ingreso o transferencia le ser\u00e1n proporcionados a la hora de la realizaci\u00f3n del pedido. Si elige como m\u00e9todo de pago esta modalidad, el pedido se reserva durante 3 d\u00edas h\u00e1biles. Transcurrido ese tiempo, si no se hubiera hecho el ingreso se anular\u00e1 el pedido.\u00a0<\/p><p style=\"box-sizing: inherit; font-size: 15px; font-style: normal; font-weight: 400; color: #3a3a3a;\"><span style=\"box-sizing: inherit; font-size: 15px; font-weight: bold;\">\u2022 Tarjeta de Cr\u00e9dito.<\/span><\/p><p style=\"box-sizing: inherit; font-size: 15px; font-style: normal; font-weight: 400; color: #3a3a3a;\">Se puede pagar con tarjeta de cr\u00e9dito utilizando el servidor seguro de nuestra pasarela de pago, que utiliza tecnolog\u00eda SSL para proteger su informaci\u00f3n. No obstante, cuando env\u00eda un pago a trav\u00e9s de esta pasarela, nuestra web no recopila ni almacena datos financieros sensibles como el n\u00famero de su tarjeta de cr\u00e9dito o de su cuenta bancaria.<\/p><p style=\"box-sizing: inherit; font-size: 15px; font-style: normal; font-weight: 400; color: #3a3a3a;\"><span style=\"font-size: 15px; font-style: normal; box-sizing: inherit; font-weight: bold;\">PEDIDOS<\/span><span style=\"font-size: 15px; font-style: normal; font-weight: 400;\">:<\/span><\/p><p style=\"box-sizing: inherit; font-size: 15px; font-style: normal; font-weight: 400; color: #3a3a3a;\">Podr\u00e1 consultar en todo momento el importe total de su pedido en el \u00faltimo paso de confirmaci\u00f3n de pedido en su cesta de la compra.<\/p><p style=\"box-sizing: inherit; font-size: 15px; font-style: normal; font-weight: 400; color: #3a3a3a;\">Para realizar un pedido es necesario crear una cuenta de usuario en la tienda. Dicha cuenta la puede crear el propio cliente, a trav\u00e9s del enlace al efecto, o bien se puede crear autom\u00e1ticamente al realizar la primera compra. La direcci\u00f3n de e-mail obtenida en el proceso de compra y\/o de alta de usuario se utilizar\u00e1 para enviarle informaci\u00f3n sobre novedades, productos y ofertas especiales. El usuario puede consultar la pol\u00edtica de privacidad y protecci\u00f3n de datos en la p\u00e1gina de nuestra\u00a0<a style=\"box-sizing: inherit; font-size: 15px; color: #434343;\" href=\"https:\/\/socfer.es\/politica-privacidad\/\">Pol\u00edtica de Privacidad<\/a>.<\/p><p style=\"box-sizing: inherit; font-size: 15px; font-style: normal; font-weight: 400; color: #3a3a3a;\">Los datos de facturaci\u00f3n se utilizar\u00e1n \u00fanicamente para la confecci\u00f3n de la factura de los productos comprados. Esta informaci\u00f3n no ser\u00e1 utilizada con prop\u00f3sitos comerciales ni ser\u00e1 cedida a terceros.<\/p><p style=\"box-sizing: inherit; font-size: 15px; font-style: normal; font-weight: 400; color: #3a3a3a;\">Los pedidos de las tiendas de club se env\u00edan a la tienda el d\u00eda 30 de cada mes para pedidos hechos entre el d\u00eda 1 y el d\u00eda 15 de dicho mes. Si el pedido se hace fuera de ese plazo, por ejemplo el d\u00eda 20, no llegar\u00e1 a la tienda hasta el d\u00eda 30 del mes siguiente.<\/p><p style=\"box-sizing: inherit; font-size: 15px; font-style: normal; font-weight: 400; color: #3a3a3a;\">En principio y salvo que se indique lo contrario, todos los productos que figuran en la tienda est\u00e1n disponibles. Si por error pidiera un producto y realmente no estuviera disponible, nos pondr\u00edamos en contacto con usted antes de realizar el env\u00edo para comunic\u00e1rselo y devolverle el dinero correspondiente a ese producto.\u00a0<\/p><p style=\"box-sizing: inherit; font-size: 15px; font-style: normal; font-weight: 400; color: #3a3a3a;\"><span style=\"box-sizing: inherit; font-size: 15px; font-weight: bold;\">DEVOLUCIONES<\/span>:<\/p><p style=\"box-sizing: inherit; font-size: 15px; font-style: normal; font-weight: 400; color: #3a3a3a;\">Si no est\u00e1 conforme, dispone de un plazo de 14 d\u00edas para devolver su pedido y le devolveremos de forma \u00edntegra el importe del mismo, incluidos los gastos de env\u00edo de la compra realizada. En todo caso, esto se har\u00e1 siempre que los art\u00edculos no hayan sido utilizados y conserven intacto su etiquetado.<\/p><p style=\"box-sizing: inherit; font-size: 15px; font-style: normal; font-weight: 400; color: #3a3a3a;\">Nota importante: en el caso de productos personalizados, la tienda no est\u00e1 obligada a devolver el dinero en caso de desestimiento del comprador.<\/p><p style=\"box-sizing: inherit; font-size: 15px; font-style: normal; font-weight: 400; color: #3a3a3a;\">Todas las indicaciones, devoluciones y solicitudes de devoluci\u00f3n de dinero deben realizarse en la direcci\u00f3n de correo electr\u00f3nico\u00a0<a style=\"box-sizing: inherit; font-size: 15px; color: #434343;\" href=\"mailto:tienda@socfer.es\" target=\"_blank\" rel=\"noreferrer noopener\">ferjadi@socfer.c<\/a>om, tel\u00e9fono\u00a0<span style=\"font-size: 15px; font-style: normal; font-weight: 400; color: #415161;\">665953624. Cont\u00e1ctenos para concretar los t\u00e9rminos de la devoluci\u00f3n<\/span><span style=\"font-size: 15px; font-style: normal; font-weight: 400;\">.<\/span><\/p><p style=\"box-sizing: inherit; font-size: 15px; font-style: normal; font-weight: 400; color: #3a3a3a;\"><span style=\"box-sizing: inherit; font-size: 15px; font-weight: bold;\">NORMATIVA APLICABLE<\/span>:<\/p><p style=\"box-sizing: inherit; font-size: 15px; font-style: normal; font-weight: 400; color: #3a3a3a;\">Las presentes condiciones generales se interpretar\u00e1n conforme a la legislaci\u00f3n vigente en Espa\u00f1a en la materia, que se aplicar\u00e1 subsidiariamente en todo lo que no se haya previsto en las mismas. (B\u00e1sicamente Ley 34\/2002 de 11 de julio de servicios de la informaci\u00f3n y comercio electr\u00f3nico). Puede obtener m\u00e1s informaci\u00f3n en el\u00a0<a style=\"box-sizing: inherit; font-size: 15px; color: #434343;\" href=\"https:\/\/socfer.es\/aviso-legal\/\">Aviso Legal<\/a>.<\/p><p style=\"box-sizing: inherit; font-size: 15px; font-style: normal; font-weight: 400; margin-bottom: 0px; color: #3a3a3a;\">SOCFER S.L. se reserva el derecho a modificar en cualquier momento los SERVICIOS prestados a trav\u00e9s de este sitio web, introduciendo o eliminando determinados servicios o contenidos que contribuyan a ofrecer un mejor servicio.<\/p>\t\t\t\t\t\t<\/div>\n\t\t\t\t<\/div>\n\t\t\t\t\t<\/div>\n\t\t<\/div>\n\t\t\t\t\t<\/div>\n\t\t<\/section>\n\t\t\t\t<\/div>\n\t\t","protected":false},"excerpt":{"rendered":"<p>IDENTIFICACI\u00d3N: SOCFER, S.L. con CIF n\u00ba\u00a0B37546496 y sede en Joaqu\u00edn Rodrigo, 49 (37008) Salamanca\u00a0(Espa\u00f1a) es una empresa espa\u00f1ola dedicada a la distribuci\u00f3n y venta de ropa deportiva y a la gesti\u00f3n de clubes deportivos. SOCFER, S.L. vende los productos de su tienda online exclusivamente en Espa\u00f1a. Todos los productos que se venden a trav\u00e9s de [&hellip;]<\/p>\n","protected":false},"author":78,"featured_media":0,"parent":0,"menu_order":0,"comment_status":"closed","ping_status":"closed","template":"","meta":{"site-sidebar-layout":"default","site-content-layout":"default","ast-site-content-layout":"","site-content-style":"default","site-sidebar-style":"default","ast-global-header-display":"","ast-banner-title-visibility":"","ast-main-header-display":"","ast-hfb-above-header-display":"","ast-hfb-below-header-display":"","ast-hfb-mobile-header-display":"","site-post-title":"","ast-breadcrumbs-content":"","ast-featured-img":"","footer-sml-layout":"","theme-transparent-header-meta":"disabled","adv-header-id-meta":"","stick-header-meta":"","header-above-stick-meta":"","header-main-stick-meta":"","header-below-stick-meta":"","astra-migrate-meta-layouts":"default","ast-page-background-enabled":"default","ast-page-background-meta":{"desktop":{"background-color":"","background-image":"","background-repeat":"repeat","background-position":"center center","background-size":"auto","background-attachment":"scroll","background-type":"","background-media":"","overlay-type":"","overlay-color":"","overlay-opacity":"","overlay-gradient":""},"tablet":{"background-color":"","background-image":"","background-repeat":"repeat","background-position":"center center","background-size":"auto","background-attachment":"scroll","background-type":"","background-media":"","overlay-type":"","overlay-color":"","overlay-opacity":"","overlay-gradient":""},"mobile":{"background-color":"","background-image":"","background-repeat":"repeat","background-position":"center center","background-size":"auto","background-attachment":"scroll","background-type":"","background-media":"","overlay-type":"","overlay-color":"","overlay-opacity":"","overlay-gradient":""}},"ast-content-background-meta":{"desktop":{"background-color":"var(--ast-global-color-5)","background-image":"","background-repeat":"repeat","background-position":"center center","background-size":"auto","background-attachment":"scroll","background-type":"","background-media":"","overlay-type":"","overlay-color":"","overlay-opacity":"","overlay-gradient":""},"tablet":{"background-color":"var(--ast-global-color-5)","background-image":"","background-repeat":"repeat","background-position":"center center","background-size":"auto","background-attachment":"scroll","background-type":"","background-media":"","overlay-type":"","overlay-color":"","overlay-opacity":"","overlay-gradient":""},"mobile":{"background-color":"var(--ast-global-color-5)","background-image":"","background-repeat":"repeat","background-position":"center center","background-size":"auto","background-attachment":"scroll","background-type":"","background-media":"","overlay-type":"","overlay-color":"","overlay-opacity":"","overlay-gradient":""}},"footnotes":""},"class_list":["post-2033","page","type-page","status-publish","hentry"],"acf":[],"_links":{"self":[{"href":"https:\/\/socfer.es\/waterpolozamora\/wp-json\/wp\/v2\/pages\/2033"}],"collection":[{"href":"https:\/\/socfer.es\/waterpolozamora\/wp-json\/wp\/v2\/pages"}],"about":[{"href":"https:\/\/socfer.es\/waterpolozamora\/wp-json\/wp\/v2\/types\/page"}],"author":[{"embeddable":true,"href":"https:\/\/socfer.es\/waterpolozamora\/wp-json\/wp\/v2\/users\/78"}],"replies":[{"embeddable":true,"href":"https:\/\/socfer.es\/waterpolozamora\/wp-json\/wp\/v2\/comments?post=2033"}],"version-history":[{"count":9,"href":"https:\/\/socfer.es\/waterpolozamora\/wp-json\/wp\/v2\/pages\/2033\/revisions"}],"predecessor-version":[{"id":2688,"href":"https:\/\/socfer.es\/waterpolozamora\/wp-json\/wp\/v2\/pages\/2033\/revisions\/2688"}],"wp:attachment":[{"href":"https:\/\/socfer.es\/waterpolozamora\/wp-json\/wp\/v2\/media?parent=2033"}],"curies":[{"name":"wp","href":"https:\/\/api.w.org\/{rel}","templated":true}]}}