{"id":95,"date":"2018-06-18T06:57:36","date_gmt":"2018-06-18T06:57:36","guid":{"rendered":"http:\/\/socfer.es\/natacionzamora\/home\/"},"modified":"2024-10-21T18:21:19","modified_gmt":"2024-10-21T17:21:19","slug":"inicio","status":"publish","type":"page","link":"https:\/\/socfer.es\/natacionzamora\/","title":{"rendered":"Inicio"},"content":{"rendered":"\t\t<div data-elementor-type=\"wp-post\" data-elementor-id=\"95\" class=\"elementor elementor-95\">\n\t\t\t\t\t\t<section class=\"elementor-section elementor-top-section elementor-element elementor-element-aff74b1 elementor-section-content-middle elementor-section-boxed elementor-section-height-default elementor-section-height-default\" data-id=\"aff74b1\" data-element_type=\"section\" data-settings=\"{&quot;background_background&quot;:&quot;gradient&quot;}\">\n\t\t\t\t\t\t\t<div class=\"elementor-background-overlay\"><\/div>\n\t\t\t\t\t\t\t<div class=\"elementor-container elementor-column-gap-default\">\n\t\t\t\t\t<div class=\"elementor-column elementor-col-50 elementor-top-column elementor-element elementor-element-37df2e32\" data-id=\"37df2e32\" data-element_type=\"column\">\n\t\t\t<div class=\"elementor-widget-wrap elementor-element-populated\">\n\t\t\t\t\t\t<div class=\"elementor-element elementor-element-529a7d5e elementor-widget-divider--view-line elementor-widget elementor-widget-divider\" data-id=\"529a7d5e\" data-element_type=\"widget\" data-widget_type=\"divider.default\">\n\t\t\t\t<div class=\"elementor-widget-container\">\n\t\t\t\t\t<div class=\"elementor-divider\">\n\t\t\t<span class=\"elementor-divider-separator\">\n\t\t\t\t\t\t<\/span>\n\t\t<\/div>\n\t\t\t\t<\/div>\n\t\t\t\t<\/div>\n\t\t\t\t<div class=\"elementor-element elementor-element-593d48ac elementor-widget elementor-widget-heading\" data-id=\"593d48ac\" data-element_type=\"widget\" data-widget_type=\"heading.default\">\n\t\t\t\t<div class=\"elementor-widget-container\">\n\t\t\t<h5 class=\"elementor-heading-title elementor-size-default\">Tienda de Club<\/h5>\t\t<\/div>\n\t\t\t\t<\/div>\n\t\t\t\t<div class=\"elementor-element elementor-element-1c86d8 elementor-widget elementor-widget-heading\" data-id=\"1c86d8\" data-element_type=\"widget\" data-widget_type=\"heading.default\">\n\t\t\t\t<div class=\"elementor-widget-container\">\n\t\t\t<h1 class=\"elementor-heading-title elementor-size-default\">NATACI\u00d3N ZAMORA<\/h1>\t\t<\/div>\n\t\t\t\t<\/div>\n\t\t\t\t<div class=\"elementor-element elementor-element-3b2eeb4f elementor-widget elementor-widget-text-editor\" data-id=\"3b2eeb4f\" data-element_type=\"widget\" data-widget_type=\"text-editor.default\">\n\t\t\t\t<div class=\"elementor-widget-container\">\n\t\t\t\t\t\t\t<p><span style=\"font-size: 15px; font-style: normal; font-weight: 400;\">En este espacio, s\u00f3lo accesible para usuarios registrados, puedes\u00a0<\/span><span style=\"font-size: 15px; font-style: normal; font-weight: 400; background-color: transparent;\">adquirir la equipaci\u00f3n necesaria para tu club.<\/span><\/p>\t\t\t\t\t\t<\/div>\n\t\t\t\t<\/div>\n\t\t\t\t<div class=\"elementor-element elementor-element-18242b64 elementor-widget elementor-widget-button\" data-id=\"18242b64\" data-element_type=\"widget\" data-widget_type=\"button.default\">\n\t\t\t\t<div class=\"elementor-widget-container\">\n\t\t\t\t\t<div class=\"elementor-button-wrapper\">\n\t\t\t<a class=\"elementor-button elementor-button-link elementor-size-lg\" href=\"https:\/\/socfer.es\/NATACIONZAMORA\/mi-cuenta\/\">\n\t\t\t\t\t\t<span class=\"elementor-button-content-wrapper\">\n\t\t\t\t\t\t<span class=\"elementor-button-icon\">\n\t\t\t\t<i aria-hidden=\"true\" class=\"fas fa-angle-right\"><\/i>\t\t\t<\/span>\n\t\t\t\t\t\t\t\t\t<span class=\"elementor-button-text\">IDENTIF\u00cdCATE<\/span>\n\t\t\t\t\t<\/span>\n\t\t\t\t\t<\/a>\n\t\t<\/div>\n\t\t\t\t<\/div>\n\t\t\t\t<\/div>\n\t\t\t\t\t<\/div>\n\t\t<\/div>\n\t\t\t\t<div class=\"elementor-column elementor-col-50 elementor-top-column elementor-element elementor-element-5a8409ff\" data-id=\"5a8409ff\" data-element_type=\"column\">\n\t\t\t<div class=\"elementor-widget-wrap elementor-element-populated\">\n\t\t\t\t\t\t<div class=\"elementor-element elementor-element-44006c5f elementor-widget elementor-widget-image\" data-id=\"44006c5f\" data-element_type=\"widget\" data-widget_type=\"image.default\">\n\t\t\t\t<div class=\"elementor-widget-container\">\n\t\t\t\t\t\t\t\t\t\t\t\t\t<img fetchpriority=\"high\" decoding=\"async\" width=\"768\" height=\"512\" src=\"https:\/\/socfer.es\/natacionzamora\/wp-content\/uploads\/sites\/11\/2021\/02\/2019_6858_8458_Emotion-768x512.jpg\" class=\"attachment-medium_large size-medium_large wp-image-2687\" alt=\"\" srcset=\"https:\/\/socfer.es\/natacionzamora\/wp-content\/uploads\/sites\/11\/2021\/02\/2019_6858_8458_Emotion-768x512.jpg 768w, https:\/\/socfer.es\/natacionzamora\/wp-content\/uploads\/sites\/11\/2021\/02\/2019_6858_8458_Emotion-300x200.jpg 300w, https:\/\/socfer.es\/natacionzamora\/wp-content\/uploads\/sites\/11\/2021\/02\/2019_6858_8458_Emotion-1024x682.jpg 1024w, https:\/\/socfer.es\/natacionzamora\/wp-content\/uploads\/sites\/11\/2021\/02\/2019_6858_8458_Emotion-600x400.jpg 600w, https:\/\/socfer.es\/natacionzamora\/wp-content\/uploads\/sites\/11\/2021\/02\/2019_6858_8458_Emotion.jpg 1280w\" sizes=\"(max-width: 768px) 100vw, 768px\" \/>\t\t\t\t\t\t\t\t\t\t\t\t\t<\/div>\n\t\t\t\t<\/div>\n\t\t\t\t\t<\/div>\n\t\t<\/div>\n\t\t\t\t\t<\/div>\n\t\t<\/section>\n\t\t\t\t<section class=\"elementor-section elementor-top-section elementor-element elementor-element-3520abe9 elementor-section-content-middle elementor-section-boxed elementor-section-height-default elementor-section-height-default\" data-id=\"3520abe9\" data-element_type=\"section\" data-settings=\"{&quot;background_background&quot;:&quot;gradient&quot;}\">\n\t\t\t\t\t\t<div class=\"elementor-container elementor-column-gap-no\">\n\t\t\t\t\t<div class=\"elementor-column elementor-col-33 elementor-top-column elementor-element elementor-element-2f24456c\" data-id=\"2f24456c\" data-element_type=\"column\">\n\t\t\t<div class=\"elementor-widget-wrap elementor-element-populated\">\n\t\t\t\t\t\t<div class=\"elementor-element elementor-element-256ebc01 elementor-widget elementor-widget-image\" data-id=\"256ebc01\" data-element_type=\"widget\" data-widget_type=\"image.default\">\n\t\t\t\t<div class=\"elementor-widget-container\">\n\t\t\t\t\t\t\t\t\t\t\t\t\t<img decoding=\"async\" width=\"1556\" height=\"2000\" src=\"https:\/\/socfer.es\/natacionzamora\/wp-content\/uploads\/sites\/11\/2024\/10\/6130.08-1.jpg\" class=\"attachment-full size-full wp-image-3130\" alt=\"\" srcset=\"https:\/\/socfer.es\/natacionzamora\/wp-content\/uploads\/sites\/11\/2024\/10\/6130.08-1.jpg 1556w, https:\/\/socfer.es\/natacionzamora\/wp-content\/uploads\/sites\/11\/2024\/10\/6130.08-1-233x300.jpg 233w, https:\/\/socfer.es\/natacionzamora\/wp-content\/uploads\/sites\/11\/2024\/10\/6130.08-1-797x1024.jpg 797w, https:\/\/socfer.es\/natacionzamora\/wp-content\/uploads\/sites\/11\/2024\/10\/6130.08-1-768x987.jpg 768w, https:\/\/socfer.es\/natacionzamora\/wp-content\/uploads\/sites\/11\/2024\/10\/6130.08-1-1195x1536.jpg 1195w, https:\/\/socfer.es\/natacionzamora\/wp-content\/uploads\/sites\/11\/2024\/10\/6130.08-1-600x771.jpg 600w\" sizes=\"(max-width: 1556px) 100vw, 1556px\" \/>\t\t\t\t\t\t\t\t\t\t\t\t\t<\/div>\n\t\t\t\t<\/div>\n\t\t\t\t<div class=\"elementor-element elementor-element-a031f86 elementor-widget elementor-widget-text-editor\" data-id=\"a031f86\" data-element_type=\"widget\" data-widget_type=\"text-editor.default\">\n\t\t\t\t<div class=\"elementor-widget-container\">\n\t\t\t\t\t\t\t<p>Los mejores dise\u00f1os<\/p>\t\t\t\t\t\t<\/div>\n\t\t\t\t<\/div>\n\t\t\t\t<div class=\"elementor-element elementor-element-cc33104 elementor-widget elementor-widget-heading\" data-id=\"cc33104\" data-element_type=\"widget\" data-widget_type=\"heading.default\">\n\t\t\t\t<div class=\"elementor-widget-container\">\n\t\t\t<h5 class=\"elementor-heading-title elementor-size-default\">Personaliza tu equipaci\u00f3n<\/h5>\t\t<\/div>\n\t\t\t\t<\/div>\n\t\t\t\t\t<\/div>\n\t\t<\/div>\n\t\t\t\t<div class=\"elementor-column elementor-col-33 elementor-top-column elementor-element elementor-element-4998056\" data-id=\"4998056\" data-element_type=\"column\">\n\t\t\t<div class=\"elementor-widget-wrap elementor-element-populated\">\n\t\t\t\t\t\t<div class=\"elementor-element elementor-element-81fdf3a elementor-widget elementor-widget-text-editor\" data-id=\"81fdf3a\" data-element_type=\"widget\" data-widget_type=\"text-editor.default\">\n\t\t\t\t<div class=\"elementor-widget-container\">\n\t\t\t\t\t\t\t<p>Los mejores materiales<\/p>\t\t\t\t\t\t<\/div>\n\t\t\t\t<\/div>\n\t\t\t\t<div class=\"elementor-element elementor-element-af49e5e elementor-widget elementor-widget-heading\" data-id=\"af49e5e\" data-element_type=\"widget\" data-widget_type=\"heading.default\">\n\t\t\t\t<div class=\"elementor-widget-container\">\n\t\t\t<h5 class=\"elementor-heading-title elementor-size-default\">Calidad alemana JAKO<\/h5>\t\t<\/div>\n\t\t\t\t<\/div>\n\t\t\t\t<div class=\"elementor-element elementor-element-6ea20a4 elementor-widget elementor-widget-image\" data-id=\"6ea20a4\" data-element_type=\"widget\" data-widget_type=\"image.default\">\n\t\t\t\t<div class=\"elementor-widget-container\">\n\t\t\t\t\t\t\t\t\t\t\t\t\t<img decoding=\"async\" width=\"1556\" height=\"2000\" src=\"https:\/\/socfer.es\/natacionzamora\/wp-content\/uploads\/sites\/11\/2024\/10\/6865-2.jpg\" class=\"attachment-full size-full wp-image-3106\" alt=\"\" srcset=\"https:\/\/socfer.es\/natacionzamora\/wp-content\/uploads\/sites\/11\/2024\/10\/6865-2.jpg 1556w, https:\/\/socfer.es\/natacionzamora\/wp-content\/uploads\/sites\/11\/2024\/10\/6865-2-233x300.jpg 233w, https:\/\/socfer.es\/natacionzamora\/wp-content\/uploads\/sites\/11\/2024\/10\/6865-2-797x1024.jpg 797w, https:\/\/socfer.es\/natacionzamora\/wp-content\/uploads\/sites\/11\/2024\/10\/6865-2-768x987.jpg 768w, https:\/\/socfer.es\/natacionzamora\/wp-content\/uploads\/sites\/11\/2024\/10\/6865-2-1195x1536.jpg 1195w, https:\/\/socfer.es\/natacionzamora\/wp-content\/uploads\/sites\/11\/2024\/10\/6865-2-600x771.jpg 600w\" sizes=\"(max-width: 1556px) 100vw, 1556px\" \/>\t\t\t\t\t\t\t\t\t\t\t\t\t<\/div>\n\t\t\t\t<\/div>\n\t\t\t\t\t<\/div>\n\t\t<\/div>\n\t\t\t\t<div class=\"elementor-column elementor-col-33 elementor-top-column elementor-element elementor-element-4ea839b\" data-id=\"4ea839b\" data-element_type=\"column\">\n\t\t\t<div class=\"elementor-widget-wrap elementor-element-populated\">\n\t\t\t\t\t\t<div class=\"elementor-element elementor-element-e6e99c7 elementor-widget elementor-widget-image\" data-id=\"e6e99c7\" data-element_type=\"widget\" data-widget_type=\"image.default\">\n\t\t\t\t<div class=\"elementor-widget-container\">\n\t\t\t\t\t\t\t\t\t\t\t\t\t<img loading=\"lazy\" decoding=\"async\" width=\"1556\" height=\"2000\" src=\"https:\/\/socfer.es\/natacionzamora\/wp-content\/uploads\/sites\/11\/2021\/01\/ex7250.png\" class=\"attachment-full size-full wp-image-3165\" alt=\"\" srcset=\"https:\/\/socfer.es\/natacionzamora\/wp-content\/uploads\/sites\/11\/2021\/01\/ex7250.png 1556w, https:\/\/socfer.es\/natacionzamora\/wp-content\/uploads\/sites\/11\/2021\/01\/ex7250-233x300.png 233w, https:\/\/socfer.es\/natacionzamora\/wp-content\/uploads\/sites\/11\/2021\/01\/ex7250-797x1024.png 797w, https:\/\/socfer.es\/natacionzamora\/wp-content\/uploads\/sites\/11\/2021\/01\/ex7250-768x987.png 768w, https:\/\/socfer.es\/natacionzamora\/wp-content\/uploads\/sites\/11\/2021\/01\/ex7250-1195x1536.png 1195w, https:\/\/socfer.es\/natacionzamora\/wp-content\/uploads\/sites\/11\/2021\/01\/ex7250-600x771.png 600w\" sizes=\"(max-width: 1556px) 100vw, 1556px\" \/>\t\t\t\t\t\t\t\t\t\t\t\t\t<\/div>\n\t\t\t\t<\/div>\n\t\t\t\t<div class=\"elementor-element elementor-element-3d72b52 elementor-widget elementor-widget-text-editor\" data-id=\"3d72b52\" data-element_type=\"widget\" data-widget_type=\"text-editor.default\">\n\t\t\t\t<div class=\"elementor-widget-container\">\n\t\t\t\t\t\t\t<p>Nuevas colecciones<\/p>\t\t\t\t\t\t<\/div>\n\t\t\t\t<\/div>\n\t\t\t\t<div class=\"elementor-element elementor-element-e1af947 elementor-widget elementor-widget-heading\" data-id=\"e1af947\" data-element_type=\"widget\" data-widget_type=\"heading.default\">\n\t\t\t\t<div class=\"elementor-widget-container\">\n\t\t\t<h5 class=\"elementor-heading-title elementor-size-default\">Todos los colores de tu equipo<\/h5>\t\t<\/div>\n\t\t\t\t<\/div>\n\t\t\t\t\t<\/div>\n\t\t<\/div>\n\t\t\t\t\t<\/div>\n\t\t<\/section>\n\t\t\t\t<section class=\"elementor-section elementor-top-section elementor-element elementor-element-b9eeb9d elementor-section-boxed elementor-section-height-default elementor-section-height-default\" data-id=\"b9eeb9d\" data-element_type=\"section\" data-settings=\"{&quot;background_background&quot;:&quot;classic&quot;}\">\n\t\t\t\t\t\t\t<div class=\"elementor-background-overlay\"><\/div>\n\t\t\t\t\t\t\t<div class=\"elementor-container elementor-column-gap-default\">\n\t\t\t\t\t<div class=\"elementor-column elementor-col-100 elementor-top-column elementor-element elementor-element-3ba4465\" data-id=\"3ba4465\" data-element_type=\"column\">\n\t\t\t<div class=\"elementor-widget-wrap elementor-element-populated\">\n\t\t\t\t\t\t<div class=\"elementor-element elementor-element-272a854 elementor-widget elementor-widget-heading\" data-id=\"272a854\" data-element_type=\"widget\" data-widget_type=\"heading.default\">\n\t\t\t\t<div class=\"elementor-widget-container\">\n\t\t\t<h3 class=\"elementor-heading-title elementor-size-default\">Nuestros productos<\/h3>\t\t<\/div>\n\t\t\t\t<\/div>\n\t\t\t\t<div class=\"elementor-element elementor-element-dd1f318 elementor-widget-divider--view-line elementor-widget elementor-widget-divider\" data-id=\"dd1f318\" data-element_type=\"widget\" data-widget_type=\"divider.default\">\n\t\t\t\t<div class=\"elementor-widget-container\">\n\t\t\t\t\t<div class=\"elementor-divider\">\n\t\t\t<span class=\"elementor-divider-separator\">\n\t\t\t\t\t\t<\/span>\n\t\t<\/div>\n\t\t\t\t<\/div>\n\t\t\t\t<\/div>\n\t\t\t\t<div class=\"elementor-element elementor-element-013091f elementor-widget elementor-widget-shortcode\" data-id=\"013091f\" data-element_type=\"widget\" data-widget_type=\"shortcode.default\">\n\t\t\t\t<div class=\"elementor-widget-container\">\n\t\t\t\t\t<div class=\"elementor-shortcode\"><div class=\"woocommerce columns-5 \"><\/div><\/div>\n\t\t\t\t<\/div>\n\t\t\t\t<\/div>\n\t\t\t\t<div class=\"elementor-element elementor-element-ca68ff2 elementor-align-center elementor-widget elementor-widget-button\" data-id=\"ca68ff2\" data-element_type=\"widget\" data-widget_type=\"button.default\">\n\t\t\t\t<div class=\"elementor-widget-container\">\n\t\t\t\t\t<div class=\"elementor-button-wrapper\">\n\t\t\t<a class=\"elementor-button elementor-button-link elementor-size-sm\" href=\"https:\/\/socfer.es\/NATACIONZAMORA\/tienda\/\">\n\t\t\t\t\t\t<span class=\"elementor-button-content-wrapper\">\n\t\t\t\t\t\t\t\t\t<span class=\"elementor-button-text\">Ver todos<\/span>\n\t\t\t\t\t<\/span>\n\t\t\t\t\t<\/a>\n\t\t<\/div>\n\t\t\t\t<\/div>\n\t\t\t\t<\/div>\n\t\t\t\t\t<\/div>\n\t\t<\/div>\n\t\t\t\t\t<\/div>\n\t\t<\/section>\n\t\t\t\t<section class=\"elementor-section elementor-inner-section elementor-element elementor-element-da2df83 elementor-section-boxed elementor-section-height-default elementor-section-height-default\" data-id=\"da2df83\" data-element_type=\"section\" data-settings=\"{&quot;background_background&quot;:&quot;classic&quot;}\">\n\t\t\t\t\t\t\t<div class=\"elementor-background-overlay\"><\/div>\n\t\t\t\t\t\t\t<div class=\"elementor-container elementor-column-gap-default\">\n\t\t\t\t\t<div class=\"elementor-column elementor-col-50 elementor-inner-column elementor-element elementor-element-5f0e72d\" data-id=\"5f0e72d\" data-element_type=\"column\">\n\t\t\t<div class=\"elementor-widget-wrap elementor-element-populated\">\n\t\t\t\t\t\t<div class=\"elementor-element elementor-element-f9f79ed elementor-widget elementor-widget-heading\" data-id=\"f9f79ed\" data-element_type=\"widget\" data-widget_type=\"heading.default\">\n\t\t\t\t<div class=\"elementor-widget-container\">\n\t\t\t<h3 class=\"elementor-heading-title elementor-size-default\">Reg\u00edstrate! <\/h3>\t\t<\/div>\n\t\t\t\t<\/div>\n\t\t\t\t<div class=\"elementor-element elementor-element-45f24dc elementor-widget elementor-widget-heading\" data-id=\"45f24dc\" data-element_type=\"widget\" data-widget_type=\"heading.default\">\n\t\t\t\t<div class=\"elementor-widget-container\">\n\t\t\t<h2 class=\"elementor-heading-title elementor-size-default\">Accede a tu equipaci\u00f3n<\/h2>\t\t<\/div>\n\t\t\t\t<\/div>\n\t\t\t\t<div class=\"elementor-element elementor-element-894bb06 elementor-widget elementor-widget-heading\" data-id=\"894bb06\" data-element_type=\"widget\" data-widget_type=\"heading.default\">\n\t\t\t\t<div class=\"elementor-widget-container\">\n\t\t\t<h5 class=\"elementor-heading-title elementor-size-default\">Debes estar registrado para poder ver los productos<\/h5>\t\t<\/div>\n\t\t\t\t<\/div>\n\t\t\t\t<div class=\"elementor-element elementor-element-91cc16b elementor-widget elementor-widget-button\" data-id=\"91cc16b\" data-element_type=\"widget\" data-widget_type=\"button.default\">\n\t\t\t\t<div class=\"elementor-widget-container\">\n\t\t\t\t\t<div class=\"elementor-button-wrapper\">\n\t\t\t<a class=\"elementor-button elementor-button-link elementor-size-lg\" href=\"https:\/\/socfer.es\/NATACIONZAMORA\/mi-cuenta\/\">\n\t\t\t\t\t\t<span class=\"elementor-button-content-wrapper\">\n\t\t\t\t\t\t<span class=\"elementor-button-icon\">\n\t\t\t\t<i aria-hidden=\"true\" class=\"fas fa-angle-right\"><\/i>\t\t\t<\/span>\n\t\t\t\t\t\t\t\t\t<span class=\"elementor-button-text\">Reg\u00edstrate<\/span>\n\t\t\t\t\t<\/span>\n\t\t\t\t\t<\/a>\n\t\t<\/div>\n\t\t\t\t<\/div>\n\t\t\t\t<\/div>\n\t\t\t\t\t<\/div>\n\t\t<\/div>\n\t\t\t\t<div class=\"elementor-column elementor-col-50 elementor-inner-column elementor-element elementor-element-cd52005\" data-id=\"cd52005\" data-element_type=\"column\">\n\t\t\t<div class=\"elementor-widget-wrap\">\n\t\t\t\t\t\t\t<\/div>\n\t\t<\/div>\n\t\t\t\t\t<\/div>\n\t\t<\/section>\n\t\t\t\t<section class=\"elementor-section elementor-top-section elementor-element elementor-element-cb8b407 elementor-section-stretched elementor-section-full_width elementor-hidden-phone elementor-reverse-tablet elementor-reverse-mobile elementor-section-height-default elementor-section-height-default\" data-id=\"cb8b407\" data-element_type=\"section\" data-settings=\"{&quot;stretch_section&quot;:&quot;section-stretched&quot;}\">\n\t\t\t\t\t\t<div class=\"elementor-container elementor-column-gap-default\">\n\t\t\t\t\t<div class=\"elementor-column elementor-col-100 elementor-top-column elementor-element elementor-element-3264865\" data-id=\"3264865\" data-element_type=\"column\">\n\t\t\t<div class=\"elementor-widget-wrap elementor-element-populated\">\n\t\t\t\t\t\t<div class=\"elementor-element elementor-element-b294ce9 elementor-widget elementor-widget-image\" data-id=\"b294ce9\" data-element_type=\"widget\" data-widget_type=\"image.default\">\n\t\t\t\t<div class=\"elementor-widget-container\">\n\t\t\t\t\t\t\t\t\t\t\t\t\t<img decoding=\"async\" src=\"https:\/\/socfer.es\/hergar\/wp-content\/uploads\/sites\/2\/2019\/06\/graphic05-free-img.png\" title=\"\" alt=\"\" loading=\"lazy\" \/>\t\t\t\t\t\t\t\t\t\t\t\t\t<\/div>\n\t\t\t\t<\/div>\n\t\t\t\t\t<\/div>\n\t\t<\/div>\n\t\t\t\t\t<\/div>\n\t\t<\/section>\n\t\t\t\t<section class=\"elementor-section elementor-top-section elementor-element elementor-element-444fde9 elementor-section-content-middle elementor-section-boxed elementor-section-height-default elementor-section-height-default\" data-id=\"444fde9\" data-element_type=\"section\" data-settings=\"{&quot;background_background&quot;:&quot;gradient&quot;}\">\n\t\t\t\t\t\t\t<div class=\"elementor-background-overlay\"><\/div>\n\t\t\t\t\t\t\t<div class=\"elementor-container elementor-column-gap-default\">\n\t\t\t\t\t<div class=\"elementor-column elementor-col-100 elementor-top-column elementor-element elementor-element-34dd2fb\" data-id=\"34dd2fb\" data-element_type=\"column\">\n\t\t\t<div class=\"elementor-widget-wrap elementor-element-populated\">\n\t\t\t\t\t\t<div class=\"elementor-element elementor-element-cee1917 elementor-widget elementor-widget-image\" data-id=\"cee1917\" data-element_type=\"widget\" data-widget_type=\"image.default\">\n\t\t\t\t<div class=\"elementor-widget-container\">\n\t\t\t\t\t\t\t\t\t\t\t\t\t<img decoding=\"async\" src=\"https:\/\/socfer.es\/hergar\/wp-content\/uploads\/sites\/2\/2020\/04\/condiciones-venta.png\" title=\"\" alt=\"\" loading=\"lazy\" \/>\t\t\t\t\t\t\t\t\t\t\t\t\t<\/div>\n\t\t\t\t<\/div>\n\t\t\t\t\t<\/div>\n\t\t<\/div>\n\t\t\t\t\t<\/div>\n\t\t<\/section>\n\t\t\t\t<\/div>\n\t\t","protected":false},"excerpt":{"rendered":"<p>Tienda de Club NATACI\u00d3N ZAMORA En este espacio, s\u00f3lo accesible para usuarios registrados, puedes\u00a0adquirir la equipaci\u00f3n necesaria para tu club. IDENTIF\u00cdCATE Los mejores dise\u00f1os Personaliza tu equipaci\u00f3n Los mejores materiales Calidad alemana JAKO Nuevas colecciones Todos los colores de tu equipo Nuestros productos Ver todos Reg\u00edstrate! Accede a tu equipaci\u00f3n Debes estar registrado para poder [&hellip;]<\/p>\n","protected":false},"author":78,"featured_media":0,"parent":0,"menu_order":0,"comment_status":"closed","ping_status":"closed","template":"","meta":{"site-sidebar-layout":"no-sidebar","site-content-layout":"page-builder","ast-site-content-layout":"","site-content-style":"default","site-sidebar-style":"default","ast-global-header-display":"","ast-banner-title-visibility":"","ast-main-header-display":"","ast-hfb-above-header-display":"","ast-hfb-below-header-display":"","ast-hfb-mobile-header-display":"","site-post-title":"disabled","ast-breadcrumbs-content":"","ast-featured-img":"disabled","footer-sml-layout":"","theme-transparent-header-meta":"disabled","adv-header-id-meta":"","stick-header-meta":"","header-above-stick-meta":"","header-main-stick-meta":"","header-below-stick-meta":"","astra-migrate-meta-layouts":"default","ast-page-background-enabled":"default","ast-page-background-meta":{"desktop":{"background-color":"","background-image":"","background-repeat":"repeat","background-position":"center center","background-size":"auto","background-attachment":"scroll","background-type":"","background-media":"","overlay-type":"","overlay-color":"","overlay-opacity":"","overlay-gradient":""},"tablet":{"background-color":"","background-image":"","background-repeat":"repeat","background-position":"center center","background-size":"auto","background-attachment":"scroll","background-type":"","background-media":"","overlay-type":"","overlay-color":"","overlay-opacity":"","overlay-gradient":""},"mobile":{"background-color":"","background-image":"","background-repeat":"repeat","background-position":"center center","background-size":"auto","background-attachment":"scroll","background-type":"","background-media":"","overlay-type":"","overlay-color":"","overlay-opacity":"","overlay-gradient":""}},"ast-content-background-meta":{"desktop":{"background-color":"var(--ast-global-color-5)","background-image":"","background-repeat":"repeat","background-position":"center center","background-size":"auto","background-attachment":"scroll","background-type":"","background-media":"","overlay-type":"","overlay-color":"","overlay-opacity":"","overlay-gradient":""},"tablet":{"background-color":"var(--ast-global-color-5)","background-image":"","background-repeat":"repeat","background-position":"center center","background-size":"auto","background-attachment":"scroll","background-type":"","background-media":"","overlay-type":"","overlay-color":"","overlay-opacity":"","overlay-gradient":""},"mobile":{"background-color":"var(--ast-global-color-5)","background-image":"","background-repeat":"repeat","background-position":"center center","background-size":"auto","background-attachment":"scroll","background-type":"","background-media":"","overlay-type":"","overlay-color":"","overlay-opacity":"","overlay-gradient":""}},"footnotes":""},"class_list":["post-95","page","type-page","status-publish","hentry"],"acf":[],"_links":{"self":[{"href":"https:\/\/socfer.es\/natacionzamora\/wp-json\/wp\/v2\/pages\/95"}],"collection":[{"href":"https:\/\/socfer.es\/natacionzamora\/wp-json\/wp\/v2\/pages"}],"about":[{"href":"https:\/\/socfer.es\/natacionzamora\/wp-json\/wp\/v2\/types\/page"}],"author":[{"embeddable":true,"href":"https:\/\/socfer.es\/natacionzamora\/wp-json\/wp\/v2\/users\/78"}],"replies":[{"embeddable":true,"href":"https:\/\/socfer.es\/natacionzamora\/wp-json\/wp\/v2\/comments?post=95"}],"version-history":[{"count":122,"href":"https:\/\/socfer.es\/natacionzamora\/wp-json\/wp\/v2\/pages\/95\/revisions"}],"predecessor-version":[{"id":3184,"href":"https:\/\/socfer.es\/natacionzamora\/wp-json\/wp\/v2\/pages\/95\/revisions\/3184"}],"wp:attachment":[{"href":"https:\/\/socfer.es\/natacionzamora\/wp-json\/wp\/v2\/media?parent=95"}],"curies":[{"name":"wp","href":"https:\/\/api.w.org\/{rel}","templated":true}]}}